{"id":24,"date":"2019-10-30T08:04:10","date_gmt":"2019-10-30T08:04:10","guid":{"rendered":"https:\/\/demo.casethemes.net\/consultio\/?page_id=24"},"modified":"2022-09-29T04:42:25","modified_gmt":"2022-09-29T04:42:25","slug":"contact","status":"publish","type":"page","link":"https:\/\/doumaco.com\/index.php\/contact\/","title":{"rendered":"Contact"},"content":{"rendered":"\t\t<div data-elementor-type=\"wp-page\" data-elementor-id=\"24\" class=\"elementor elementor-24\">\n\t\t\t\t        <section class=\"elementor-section elementor-top-section elementor-element elementor-element-7f0e8c4 elementor-section-boxed elementor-section-height-default elementor-section-height-default ct-header-fixed-none ct-row-max-none\" data-id=\"7f0e8c4\" data-element_type=\"section\" data-e-type=\"section\">\n            \n                        <div class=\"elementor-container elementor-column-gap-default \">\n                            <div class=\"elementor-row\">\n                    <div class=\"elementor-column elementor-col-100 elementor-top-column elementor-element elementor-element-26728e3\" data-id=\"26728e3\" data-element_type=\"column\" data-e-type=\"column\">\n            <div class=\"elementor-column-wrap elementor-element-populated\">\n                            <div class=\"elementor-widget-wrap\">\n                        <section class=\"elementor-section elementor-inner-section elementor-element elementor-element-e9947ca elementor-section-boxed elementor-section-height-default elementor-section-height-default ct-header-fixed-none ct-row-max-none\" data-id=\"e9947ca\" data-element_type=\"section\" data-e-type=\"section\">\n            \n                        <div class=\"elementor-container elementor-column-gap-extended \">\n                            <div class=\"elementor-row\">\n                    <div class=\"elementor-column elementor-col-33 elementor-inner-column elementor-element elementor-element-1c1d96d\" data-id=\"1c1d96d\" data-element_type=\"column\" data-e-type=\"column\">\n            <div class=\"elementor-column-wrap elementor-element-populated\">\n                            <div class=\"elementor-widget-wrap\">\n                \t\t<div class=\"elementor-element elementor-element-6b93793 elementor-position-inline-start elementor-view-default elementor-mobile-position-block-start elementor-widget elementor-widget-icon-box\" data-id=\"6b93793\" data-element_type=\"widget\" data-e-type=\"widget\" data-widget_type=\"icon-box.default\">\n\t\t\t\t<div class=\"elementor-widget-container\">\n\t\t\t\t\t\t\t<div class=\"elementor-icon-box-wrapper\">\n\n\t\t\t\t\t\t<div class=\"elementor-icon-box-icon\">\n\t\t\t\t<span  class=\"elementor-icon\">\n\t\t\t\t<i aria-hidden=\"true\" class=\"flaticon flaticon-map\"><\/i>\t\t\t\t<\/span>\n\t\t\t<\/div>\n\t\t\t\n\t\t\t\t\t\t<div class=\"elementor-icon-box-content\">\n\n\t\t\t\t\t\t\t\t\t<h3 class=\"elementor-icon-box-title\">\n\t\t\t\t\t\t<span  >\n\t\t\t\t\t\t\tNotre si\u00e8ge Social:\t\t\t\t\t\t<\/span>\n\t\t\t\t\t<\/h3>\n\t\t\t\t\n\t\t\t\t\t\t\t\t\t<p class=\"elementor-icon-box-description\">\n\t\t\t\t\t\tDouala | Port de p\u00eache\t\t\t\t\t<\/p>\n\t\t\t\t\n\t\t\t<\/div>\n\t\t\t\n\t\t<\/div>\n\t\t\t\t\t\t<\/div>\n\t\t\t\t<\/div>\n\t\t                <\/div>\n                    <\/div>\n        <\/div>\n                <div class=\"elementor-column elementor-col-33 elementor-inner-column elementor-element elementor-element-694f223\" data-id=\"694f223\" data-element_type=\"column\" data-e-type=\"column\">\n            <div class=\"elementor-column-wrap elementor-element-populated\">\n                            <div class=\"elementor-widget-wrap\">\n                \t\t<div class=\"elementor-element elementor-element-6576fcc elementor-position-inline-start elementor-view-default elementor-mobile-position-block-start elementor-widget elementor-widget-icon-box\" data-id=\"6576fcc\" data-element_type=\"widget\" data-e-type=\"widget\" data-widget_type=\"icon-box.default\">\n\t\t\t\t<div class=\"elementor-widget-container\">\n\t\t\t\t\t\t\t<div class=\"elementor-icon-box-wrapper\">\n\n\t\t\t\t\t\t<div class=\"elementor-icon-box-icon\">\n\t\t\t\t<span  class=\"elementor-icon\">\n\t\t\t\t<i aria-hidden=\"true\" class=\"flaticon flaticon-black-back-closed-envelope-shape\"><\/i>\t\t\t\t<\/span>\n\t\t\t<\/div>\n\t\t\t\n\t\t\t\t\t\t<div class=\"elementor-icon-box-content\">\n\n\t\t\t\t\t\t\t\t\t<h3 class=\"elementor-icon-box-title\">\n\t\t\t\t\t\t<span  >\n\t\t\t\t\t\t\tE-Mail ;\t\t\t\t\t\t<\/span>\n\t\t\t\t\t<\/h3>\n\t\t\t\t\n\t\t\t\t\t\t\t\t\t<p class=\"elementor-icon-box-description\">\n\t\t\t\t\t\tcontact@doumaco.com <br \/>\n\t\t\t\t\t<\/p>\n\t\t\t\t\n\t\t\t<\/div>\n\t\t\t\n\t\t<\/div>\n\t\t\t\t\t\t<\/div>\n\t\t\t\t<\/div>\n\t\t                <\/div>\n                    <\/div>\n        <\/div>\n                <div class=\"elementor-column elementor-col-33 elementor-inner-column elementor-element elementor-element-0c10ea0\" data-id=\"0c10ea0\" data-element_type=\"column\" data-e-type=\"column\">\n            <div class=\"elementor-column-wrap elementor-element-populated\">\n                            <div class=\"elementor-widget-wrap\">\n                \t\t<div class=\"elementor-element elementor-element-327bf4b elementor-position-inline-start elementor-view-default elementor-mobile-position-block-start elementor-widget elementor-widget-icon-box\" data-id=\"327bf4b\" data-element_type=\"widget\" data-e-type=\"widget\" data-widget_type=\"icon-box.default\">\n\t\t\t\t<div class=\"elementor-widget-container\">\n\t\t\t\t\t\t\t<div class=\"elementor-icon-box-wrapper\">\n\n\t\t\t\t\t\t<div class=\"elementor-icon-box-icon\">\n\t\t\t\t<span  class=\"elementor-icon\">\n\t\t\t\t<i aria-hidden=\"true\" class=\"flaticon flaticon-telephone\"><\/i>\t\t\t\t<\/span>\n\t\t\t<\/div>\n\t\t\t\n\t\t\t\t\t\t<div class=\"elementor-icon-box-content\">\n\n\t\t\t\t\t\t\t\t\t<h3 class=\"elementor-icon-box-title\">\n\t\t\t\t\t\t<span  >\n\t\t\t\t\t\t\tT\u00e9l\u00e9phone :\t\t\t\t\t\t<\/span>\n\t\t\t\t\t<\/h3>\n\t\t\t\t\n\t\t\t\t\t\t\t\t\t<p class=\"elementor-icon-box-description\">\n\t\t\t\t\t\t(+237) 693 651 109<br \/>\n\t\t\t\t\t<\/p>\n\t\t\t\t\n\t\t\t<\/div>\n\t\t\t\n\t\t<\/div>\n\t\t\t\t\t\t<\/div>\n\t\t\t\t<\/div>\n\t\t                <\/div>\n                    <\/div>\n        <\/div>\n                                <\/div>\n                    <\/div>\n        <\/section>\n                        <\/div>\n                    <\/div>\n        <\/div>\n                                <\/div>\n                    <\/div>\n        <\/section>\n                <section class=\"elementor-section elementor-top-section elementor-element elementor-element-d8bdc5a elementor-section-boxed elementor-section-height-default elementor-section-height-default ct-header-fixed-none ct-row-max-none\" data-id=\"d8bdc5a\" data-element_type=\"section\" data-e-type=\"section\">\n            \n                        <div class=\"elementor-container elementor-column-gap-extended \">\n                            <div class=\"elementor-row\">\n                    <div class=\"elementor-column elementor-col-50 elementor-top-column elementor-element elementor-element-13f51f0\" data-id=\"13f51f0\" data-element_type=\"column\" data-e-type=\"column\">\n            <div class=\"elementor-column-wrap elementor-element-populated\">\n                            <div class=\"elementor-widget-wrap\">\n                \t\t<div class=\"elementor-element elementor-element-12c802c elementor-widget elementor-widget-image\" data-id=\"12c802c\" data-element_type=\"widget\" data-e-type=\"widget\" data-widget_type=\"image.default\">\n\t\t\t\t<div class=\"elementor-widget-container\">\n\t\t\t\t\t\t\t\t\t\t\t\t\t\t\t<img fetchpriority=\"high\" decoding=\"async\" width=\"541\" height=\"600\" src=\"https:\/\/doumaco.com\/wp-content\/uploads\/2022\/09\/tra.jpg\" class=\"attachment-full size-full wp-image-8288\" alt=\"\" srcset=\"https:\/\/doumaco.com\/wp-content\/uploads\/2022\/09\/tra.jpg 541w, https:\/\/doumaco.com\/wp-content\/uploads\/2022\/09\/tra-271x300.jpg 271w\" sizes=\"(max-width: 541px) 100vw, 541px\" \/>\t\t\t\t\t\t\t\t\t\t\t\t\t\t\t<\/div>\n\t\t\t\t<\/div>\n\t\t                <\/div>\n                    <\/div>\n        <\/div>\n                <div class=\"elementor-column elementor-col-50 elementor-top-column elementor-element elementor-element-4c2fc51\" data-id=\"4c2fc51\" data-element_type=\"column\" data-e-type=\"column\">\n            <div class=\"elementor-column-wrap elementor-element-populated\">\n                            <div class=\"elementor-widget-wrap\">\n                \t\t<div class=\"elementor-element elementor-element-d6bfcba elementor-widget elementor-widget-ct_heading\" data-id=\"d6bfcba\" data-element_type=\"widget\" data-e-type=\"widget\" data-widget_type=\"ct_heading.default\">\n\t\t\t\t<div class=\"elementor-widget-container\">\n\t\t\t\t\t<div id=\"ct_heading-d6bfcba\" class=\"ct-heading h-align-left sub-style2 ct-heading-left item-st-default\">\n\t<div class=\"ct-inline-css\"  data-css=\"\n        \">\n    <\/div>\n    \t\t<div class=\"item--sub-title style2 show-line\">\n                        DOUMACO Sarl                                            <\/div>\n\t    <h3 class=\"item--title st-default case-animate-time\" data-wow-delay=\"ms\">\n                <span class=\"sp-main\">\n            \n            Si vous avez besoin d&#8217;informations, veuillez nous contacter !\n            \n                    <\/span>\n            <\/h3>\n<\/div>\t\t\t\t<\/div>\n\t\t\t\t<\/div>\n\t\t\t\t<div class=\"elementor-element elementor-element-0f30a93 elementor-drop-cap-yes elementor-drop-cap-view-default elementor-widget elementor-widget-text-editor\" data-id=\"0f30a93\" data-element_type=\"widget\" data-e-type=\"widget\" data-settings=\"{&quot;drop_cap&quot;:&quot;yes&quot;}\" data-widget_type=\"text-editor.default\">\n\t\t\t\t<div class=\"elementor-widget-container\">\n\t\t\t\t\t\t\t\t\t<p><span class=\"elementor-drop-cap\"><span class=\"elementor-drop-cap-letter\">M<\/span><\/span>erci de nous contacter via directement en remplissant ce formulaire. Une r\u00e9ponse vous sera retourn\u00e9e dans les brefs d\u00e9lais.<\/p>\t\t\t\t\t\t\t\t<\/div>\n\t\t\t\t<\/div>\n\t\t\t\t<div class=\"elementor-element elementor-element-f409baa elementor-widget elementor-widget-ct_ctf7\" data-id=\"f409baa\" data-element_type=\"widget\" data-e-type=\"widget\" data-widget_type=\"ct_ctf7.default\">\n\t\t\t\t<div class=\"elementor-widget-container\">\n\t\t\t\t\t    <div class=\"ct-contact-form-layout1 style1 \">\n                <div class=\"ct-contact-form-inner\">\n        \t            <div class=\"ct-contact-form\">\n                \n<div class=\"wpcf7 no-js\" id=\"wpcf7-f91-o1\" lang=\"en-US\" dir=\"ltr\" data-wpcf7-id=\"91\">\n<div class=\"screen-reader-response\"><p role=\"status\" aria-live=\"polite\" aria-atomic=\"true\"><\/p> <ul><\/ul><\/div>\n<form action=\"\/index.php\/wp-json\/wp\/v2\/pages\/24#wpcf7-f91-o1\" method=\"post\" class=\"wpcf7-form init\" aria-label=\"Contact form\" novalidate=\"novalidate\" data-status=\"init\">\n<fieldset class=\"hidden-fields-container\"><input type=\"hidden\" name=\"_wpcf7\" value=\"91\" \/><input type=\"hidden\" name=\"_wpcf7_version\" value=\"6.1.5\" \/><input type=\"hidden\" name=\"_wpcf7_locale\" value=\"en_US\" \/><input type=\"hidden\" name=\"_wpcf7_unit_tag\" value=\"wpcf7-f91-o1\" \/><input type=\"hidden\" name=\"_wpcf7_container_post\" value=\"0\" \/><input type=\"hidden\" name=\"_wpcf7_posted_data_hash\" value=\"\" \/>\n<\/fieldset>\n<div class=\"input-filled\">\n\t<p><span class=\"wpcf7-form-control-wrap\" data-name=\"your-name\"><input size=\"40\" maxlength=\"400\" class=\"wpcf7-form-control wpcf7-text wpcf7-validates-as-required\" aria-required=\"true\" aria-invalid=\"false\" placeholder=\"Your name*\" value=\"\" type=\"text\" name=\"your-name\" \/><\/span>\n\t<\/p>\n<\/div>\n<div class=\"input-filled\">\n\t<p><span class=\"wpcf7-form-control-wrap\" data-name=\"your-email\"><input size=\"40\" maxlength=\"400\" class=\"wpcf7-form-control wpcf7-email wpcf7-validates-as-required wpcf7-text wpcf7-validates-as-email\" aria-required=\"true\" aria-invalid=\"false\" placeholder=\"Your mail*\" value=\"\" type=\"email\" name=\"your-email\" \/><\/span>\n\t<\/p>\n<\/div>\n<div class=\"input-filled\">\n\t<p><span class=\"wpcf7-form-control-wrap\" data-name=\"your-phone\"><input size=\"40\" maxlength=\"400\" class=\"wpcf7-form-control wpcf7-text wpcf7-validates-as-required\" aria-required=\"true\" aria-invalid=\"false\" placeholder=\"Phone*\" value=\"\" type=\"text\" name=\"your-phone\" \/><\/span>\n\t<\/p>\n<\/div>\n<div class=\"input-filled\">\n\t<p><span class=\"wpcf7-form-control-wrap\" data-name=\"your-subject\"><select class=\"wpcf7-form-control wpcf7-select wpcf7-validates-as-required\" aria-required=\"true\" aria-invalid=\"false\" name=\"your-subject\"><option value=\"Subject\">Subject<\/option><option value=\"Success fullfill\">Success fullfill<\/option><option value=\"StartUp business\">StartUp business<\/option><option value=\"Leadership work\">Leadership work<\/option><option value=\"Business Growth\">Business Growth<\/option><\/select><\/span>\n\t<\/p>\n<\/div>\n<div class=\"input-filled\">\n\t<p><button type=\"submit\" class=\"wpcf7-submit btn btn-block\"><i class=\"fac fac-check-circle space-right\"><\/i>Consult today<\/button>\n\t<\/p>\n<\/div><p style=\"display: none !important;\" class=\"akismet-fields-container\" data-prefix=\"_wpcf7_ak_\"><label>&#916;<textarea name=\"_wpcf7_ak_hp_textarea\" cols=\"45\" rows=\"8\" maxlength=\"100\"><\/textarea><\/label><input type=\"hidden\" id=\"ak_js_1\" name=\"_wpcf7_ak_js\" value=\"37\"\/><script>document.getElementById( \"ak_js_1\" ).setAttribute( \"value\", ( new Date() ).getTime() );<\/script><\/p><div class=\"wpcf7-response-output\" aria-hidden=\"true\"><\/div>\n<\/form>\n<\/div>\n            <\/div>\n        <\/div>\n            <\/div>\n\t\t\t\t<\/div>\n\t\t\t\t<\/div>\n\t\t                <\/div>\n                    <\/div>\n        <\/div>\n                                <\/div>\n                    <\/div>\n        <\/section>\n                <section class=\"elementor-section elementor-top-section elementor-element elementor-element-d33da39 elementor-section-boxed elementor-section-height-default elementor-section-height-default ct-header-fixed-none ct-row-max-none\" data-id=\"d33da39\" data-element_type=\"section\" data-e-type=\"section\">\n            \n                        <div class=\"elementor-container elementor-column-gap-extended \">\n                            <div class=\"elementor-row\">\n                    <div class=\"elementor-column elementor-col-100 elementor-top-column elementor-element elementor-element-f37ff66\" data-id=\"f37ff66\" data-element_type=\"column\" data-e-type=\"column\">\n            <div class=\"elementor-column-wrap elementor-element-populated\">\n                            <div class=\"elementor-widget-wrap\">\n                \t\t<div class=\"elementor-element elementor-element-f688838 elementor-widget elementor-widget-ct_clients_list\" data-id=\"f688838\" data-element_type=\"widget\" data-e-type=\"widget\" data-widget_type=\"ct_clients_list.default\">\n\t\t\t\t<div class=\"elementor-widget-container\">\n\t\t\t\t\t    <div class=\"ct-client1 ct-slick-slider style3\">\n        <div class=\"ct-clients-list-inner\">\n            <div class=\"ct-slick-carousel\" data-arrows=\"\" data-dots=\"\" data-pauseOnHover=\"\" data-autoplay=\"true\" data-autoplaySpeed=\"8000\" data-infinite=\"true\" data-speed=\"800\" data-colxs=\"2\" data-colsm=\"3\" data-colmd=\"4\" data-collg=\"4\" data-colxl=\"4\" data-dir=\"false\" data-slidesToScroll=\"1\">\n                                        <div class=\"slick-slide\">\n                            <div class=\"client-image \">\n                                <a href=\"#\">\n                                    <img decoding=\"async\" width=\"3217\" height=\"2183\" src=\"https:\/\/doumaco.com\/wp-content\/uploads\/2022\/09\/korsiom-logo.png\" class=\"ct-thumb-1 attachment-full\" alt=\"\" \/>                                                                            <img decoding=\"async\" width=\"3217\" height=\"2183\" src=\"https:\/\/doumaco.com\/wp-content\/uploads\/2022\/09\/korsiom-logo.png\" class=\"ct-thumb-2 attachment-full\" alt=\"\" \/>                                                                    <\/a>\n                            <\/div>\n                        <\/div>\n                                                            <div class=\"slick-slide\">\n                            <div class=\"client-image \">\n                                <a href=\"#\">\n                                    <img loading=\"lazy\" decoding=\"async\" width=\"287\" height=\"175\" src=\"https:\/\/doumaco.com\/wp-content\/uploads\/2022\/09\/logo-cma-cgm.png\" class=\"ct-thumb-1 attachment-full\" alt=\"\" \/>                                                                            <img loading=\"lazy\" decoding=\"async\" width=\"287\" height=\"175\" src=\"https:\/\/doumaco.com\/wp-content\/uploads\/2022\/09\/logo-cma-cgm.png\" class=\"ct-thumb-2 attachment-full\" alt=\"\" \/>                                                                    <\/a>\n                            <\/div>\n                        <\/div>\n                                                            <div class=\"slick-slide\">\n                            <div class=\"client-image \">\n                                <a href=\"#\">\n                                    <img loading=\"lazy\" decoding=\"async\" width=\"900\" height=\"500\" src=\"https:\/\/doumaco.com\/wp-content\/uploads\/2022\/09\/MSC-logo.png\" class=\"ct-thumb-1 attachment-full\" alt=\"\" \/>                                                                            <img loading=\"lazy\" decoding=\"async\" width=\"900\" height=\"500\" src=\"https:\/\/doumaco.com\/wp-content\/uploads\/2022\/09\/MSC-logo.png\" class=\"ct-thumb-2 attachment-full\" alt=\"\" \/>                                                                    <\/a>\n                            <\/div>\n                        <\/div>\n                                                            <div class=\"slick-slide\">\n                            <div class=\"client-image \">\n                                <a href=\"#\">\n                                    <img loading=\"lazy\" decoding=\"async\" width=\"2038\" height=\"529\" src=\"https:\/\/doumaco.com\/wp-content\/uploads\/2022\/09\/maersk_logo.png\" class=\"ct-thumb-1 attachment-full\" alt=\"\" \/>                                                                            <img loading=\"lazy\" decoding=\"async\" width=\"2038\" height=\"529\" src=\"https:\/\/doumaco.com\/wp-content\/uploads\/2022\/09\/maersk_logo.png\" class=\"ct-thumb-2 attachment-full\" alt=\"\" \/>                                                                    <\/a>\n                            <\/div>\n                        <\/div>\n                                                            <div class=\"slick-slide\">\n                            <div class=\"client-image \">\n                                <a href=\"#\">\n                                    <img loading=\"lazy\" decoding=\"async\" width=\"332\" height=\"114\" src=\"https:\/\/doumaco.com\/wp-content\/uploads\/2022\/09\/sesa-sa-logo.png\" class=\"ct-thumb-1 attachment-full\" alt=\"\" \/>                                                                            <img loading=\"lazy\" decoding=\"async\" width=\"332\" height=\"114\" src=\"https:\/\/doumaco.com\/wp-content\/uploads\/2022\/09\/sesa-sa-logo.png\" class=\"ct-thumb-2 attachment-full\" alt=\"\" \/>                                                                    <\/a>\n                            <\/div>\n                        <\/div>\n                                                            <div class=\"slick-slide\">\n                            <div class=\"client-image \">\n                                <a href=\"#\">\n                                    <img loading=\"lazy\" decoding=\"async\" width=\"162\" height=\"55\" src=\"https:\/\/doumaco.com\/wp-content\/uploads\/2022\/09\/transafrique-logo.png\" class=\"ct-thumb-1 attachment-full\" alt=\"\" \/>                                                                            <img loading=\"lazy\" decoding=\"async\" width=\"162\" height=\"55\" src=\"https:\/\/doumaco.com\/wp-content\/uploads\/2022\/09\/transafrique-logo.png\" class=\"ct-thumb-2 attachment-full\" alt=\"\" \/>                                                                    <\/a>\n                            <\/div>\n                        <\/div>\n                                                <\/div>\n        <\/div>\n    <\/div>\n\t\t\t\t<\/div>\n\t\t\t\t<\/div>\n\t\t                <\/div>\n                    <\/div>\n        <\/div>\n                                <\/div>\n                    <\/div>\n        <\/section>\n                <section class=\"elementor-section elementor-top-section elementor-element elementor-element-569bbe8 elementor-section-stretched elementor-section-full_width elementor-section-height-default elementor-section-height-default ct-header-fixed-none ct-row-max-none\" data-id=\"569bbe8\" data-element_type=\"section\" data-e-type=\"section\" data-settings=\"{&quot;stretch_section&quot;:&quot;section-stretched&quot;}\">\n            \n                        <div class=\"elementor-container elementor-column-gap-no \">\n                            <div class=\"elementor-row\">\n                    <div class=\"elementor-column elementor-col-100 elementor-top-column elementor-element elementor-element-1414649\" data-id=\"1414649\" data-element_type=\"column\" data-e-type=\"column\">\n            <div class=\"elementor-column-wrap elementor-element-populated\">\n                            <div class=\"elementor-widget-wrap\">\n                \t\t<div class=\"elementor-element elementor-element-b27f41e elementor-widget elementor-widget-google_maps\" data-id=\"b27f41e\" data-element_type=\"widget\" data-e-type=\"widget\" data-widget_type=\"google_maps.default\">\n\t\t\t\t<div class=\"elementor-widget-container\">\n\t\t\t\t\t\t\t<div class=\"elementor-custom-embed\">\n\t\t\t<iframe loading=\"lazy\"\n\t\t\t\t\tsrc=\"https:\/\/maps.google.com\/maps?q=DOUMACO%20Sarl%20&#038;t=m&#038;z=10&#038;output=embed&#038;iwloc=near\"\n\t\t\t\t\ttitle=\"DOUMACO Sarl \"\n\t\t\t\t\taria-label=\"DOUMACO Sarl \"\n\t\t\t><\/iframe>\n\t\t<\/div>\n\t\t\t\t\t\t<\/div>\n\t\t\t\t<\/div>\n\t\t                <\/div>\n                    <\/div>\n        <\/div>\n                                <\/div>\n                    <\/div>\n        <\/section>\n        \t\t<\/div>\n\t\t","protected":false},"excerpt":{"rendered":"<p>Notre si\u00e8ge Social: Douala | Port de p\u00eache E-Mail ; contact@doumaco.com T\u00e9l\u00e9phone : (+237) 693 651 109 DOUMACO Sarl Si vous avez besoin d&rsquo;informations, veuillez nous contacter ! Merci de nous contacter via directement en remplissant ce formulaire. Une r\u00e9ponse vous sera retourn\u00e9e dans les brefs d\u00e9lais. SubjectSuccess fullfillStartUp businessLeadership workBusiness Growth Consult today &#916;<\/p>\n","protected":false},"author":1,"featured_media":0,"parent":0,"menu_order":0,"comment_status":"closed","ping_status":"closed","template":"","meta":{"_joinchat":[],"footnotes":""},"class_list":["post-24","page","type-page","status-publish","hentry"],"_links":{"self":[{"href":"https:\/\/doumaco.com\/index.php\/wp-json\/wp\/v2\/pages\/24","targetHints":{"allow":["GET"]}}],"collection":[{"href":"https:\/\/doumaco.com\/index.php\/wp-json\/wp\/v2\/pages"}],"about":[{"href":"https:\/\/doumaco.com\/index.php\/wp-json\/wp\/v2\/types\/page"}],"author":[{"embeddable":true,"href":"https:\/\/doumaco.com\/index.php\/wp-json\/wp\/v2\/users\/1"}],"replies":[{"embeddable":true,"href":"https:\/\/doumaco.com\/index.php\/wp-json\/wp\/v2\/comments?post=24"}],"version-history":[{"count":48,"href":"https:\/\/doumaco.com\/index.php\/wp-json\/wp\/v2\/pages\/24\/revisions"}],"predecessor-version":[{"id":8403,"href":"https:\/\/doumaco.com\/index.php\/wp-json\/wp\/v2\/pages\/24\/revisions\/8403"}],"wp:attachment":[{"href":"https:\/\/doumaco.com\/index.php\/wp-json\/wp\/v2\/media?parent=24"}],"curies":[{"name":"wp","href":"https:\/\/api.w.org\/{rel}","templated":true}]}}